{"id":131435,"date":"2024-05-01T23:43:44","date_gmt":"2024-05-01T21:43:44","guid":{"rendered":"https:\/\/itac-technology.it\/cptrade\/?page_id=131435"},"modified":"2024-05-02T00:04:27","modified_gmt":"2024-05-01T22:04:27","slug":"a-proposito-di-noi","status":"publish","type":"page","link":"https:\/\/itac-technology.it\/cptrade\/a-proposito-di-noi\/","title":{"rendered":"a proposito di noi"},"content":{"rendered":"<div class=\"wpb-content-wrapper\"><p>[vc_row row_height_percent=&#8221;30&#8243; back_color=&#8221;color-wayh&#8221; overlay_color=&#8221;color-157793&#8243; overlay_alpha=&#8221;35&#8243; gutter_size=&#8221;3&#8243; column_width_percent=&#8221;100&#8243; shift_y=&#8221;0&#8243; z_index=&#8221;0&#8243; top_divider=&#8221;gradient&#8221; uncode_shortcode_id=&#8221;195581&#8243; back_color_type=&#8221;uncode-palette&#8221; overlay_color_type=&#8221;uncode-palette&#8221;][vc_column column_width_use_pixel=&#8221;yes&#8221; position_vertical=&#8221;middle&#8221; align_horizontal=&#8221;align_center&#8221; gutter_size=&#8221;2&#8243; style=&#8221;dark&#8221; overlay_alpha=&#8221;50&#8243; shift_x=&#8221;0&#8243; shift_y=&#8221;0&#8243; shift_y_down=&#8221;0&#8243; z_index=&#8221;0&#8243; medium_width=&#8221;0&#8243; mobile_width=&#8221;0&#8243; width=&#8221;1\/1&#8243; column_width_pixel=&#8221;1100&#8243; uncode_shortcode_id=&#8221;141607&#8243;][vc_single_image media=&#8221;7&#8243; media_width_use_pixel=&#8221;yes&#8221; alignment=&#8221;center&#8221; css_animation=&#8221;bottom-t-top&#8221; uncode_shortcode_id=&#8221;209320&#8243; media_width_pixel=&#8221;120&#8243;][vc_custom_heading sub_lead=&#8221;yes&#8221; sub_reduced=&#8221;yes&#8221; css_animation=&#8221;bottom-t-top&#8221; animation_delay=&#8221;200&#8243; uncode_shortcode_id=&#8221;178261&#8243;]<\/p>\n<h1>a proposito di noi<\/h1>\n<p>[\/vc_custom_heading][\/vc_column][\/vc_row][vc_row row_height_percent=&#8221;0&#8243; override_padding=&#8221;yes&#8221; h_padding=&#8221;5&#8243; top_padding=&#8221;2&#8243; bottom_padding=&#8221;2&#8243; back_color=&#8221;color-xsdn&#8221; overlay_alpha=&#8221;50&#8243; equal_height=&#8221;yes&#8221; gutter_size=&#8221;5&#8243; column_width_percent=&#8221;100&#8243; border_color=&#8221;color-124518&#8243; border_style=&#8221;dotted&#8221; shift_y=&#8221;0&#8243; z_index=&#8221;0&#8243; uncode_shortcode_id=&#8221;187976&#8243; back_color_type=&#8221;uncode-palette&#8221; css=&#8221;.vc_custom_1713136153224{border-bottom-width: 1px !important;}&#8221; border_color_type=&#8221;uncode-palette&#8221;][vc_column column_width_percent=&#8221;100&#8243; position_vertical=&#8221;middle&#8221; gutter_size=&#8221;3&#8243; overlay_alpha=&#8221;50&#8243; shift_x=&#8221;0&#8243; shift_y=&#8221;0&#8243; shift_y_down=&#8221;0&#8243; z_index=&#8221;0&#8243; align_medium=&#8221;align_center_tablet&#8221; medium_width=&#8221;0&#8243; align_mobile=&#8221;align_center_mobile&#8221; mobile_width=&#8221;0&#8243; css_animation=&#8221;right-t-left&#8221; animation_speed=&#8221;1000&#8243; width=&#8221;1\/1&#8243; uncode_shortcode_id=&#8221;109851&#8243;][vc_row_inner][vc_column_inner column_width_percent=&#8221;100&#8243; gutter_size=&#8221;3&#8243; overlay_alpha=&#8221;50&#8243; shift_x=&#8221;0&#8243; shift_y=&#8221;0&#8243; shift_y_down=&#8221;0&#8243; z_index=&#8221;0&#8243; medium_width=&#8221;0&#8243; mobile_width=&#8221;0&#8243; width=&#8221;1\/1&#8243; uncode_shortcode_id=&#8221;155206&#8243;][vc_custom_heading uncode_shortcode_id=&#8221;404708&#8243;]<\/p>\n<h1>CPTRADE<\/h1>\n<p>[\/vc_custom_heading][\/vc_column_inner][\/vc_row_inner][vc_row_inner][vc_column_inner column_width_percent=&#8221;100&#8243; gutter_size=&#8221;3&#8243; overlay_alpha=&#8221;50&#8243; shift_x=&#8221;0&#8243; shift_y=&#8221;0&#8243; shift_y_down=&#8221;0&#8243; z_index=&#8221;0&#8243; medium_width=&#8221;0&#8243; mobile_width=&#8221;0&#8243; width=&#8221;1\/1&#8243; uncode_shortcode_id=&#8221;119042&#8243;][vc_column_text uncode_shortcode_id=&#8221;121423&#8243;]nasce da Cervio Paolo<\/p>\n<p>e rappresenta la concretizzazione di una visione professionale, la sfida al nuovo e la fiducia nelle mie idee.<\/p>\n<p>Ho lavorato per quindici anni nel settore componentistica per motori elettrici imparando, \u201ccarpendo il mestiere\u201d, da uno di quegli imprenditori del \u201cdopoguerra\u201d che hanno avuto intuizioni, capacit\u00e0 e caratteristiche uniche.<\/p>\n<p>In quell\u2019Azienda sono giunto ad occuparmi del settore commerciale-marketing, approfondendo la curiosit\u00e0 verso gli uomini e le Aziende mie Clienti\/concorrenti\/fornitrici sino a maturare \u201cdentro\u201d una precisa idea circa l\u2019evoluzione e gli sviluppi che il mercato avrebbe avuto nel prossimo futuro.<\/p>\n<p>Idea che non ha incontrato la condivisione della realt\u00e0 dove operavo, n\u00e9 di alcuni fornitori\/partner\/clienti.<\/p>\n<p>L\u2019ho soppesata, maturata, valutata e ho deciso di percorrerla, creando dal nulla CPTrade.<\/p>\n<p>Idea molto semplice, ovvero che la Qualit\u00e0 paga: Qualit\u00e0 nel prodotto ma soprattutto Qualit\u00e0 nel rapporto con tutta la catena, dai fornitori ai Clienti.<\/p>\n<p>Qualit\u00e0 nei rapporti, seriet\u00e0 e stima reciproca.<\/p>\n<p>Qualit\u00e0 nella condivisione reale con i collaboratori.<\/p>\n<p>Qualit\u00e0 nella propria struttura snella e veloce attraverso ci\u00f2 che oggi l\u2019informatica ci offre.<\/p>\n<p>Qualit\u00e0 nel credere fermamente che si pu\u00f2 perdere un Ordine ma mai un Cliente.<\/p>\n<p>I risultati stanno arrivando, insieme alla solida costruzione di un network di Aziende che offrono un Servizio reale, solido, concreto, semplice.<\/p>\n<p>Questo \u00e8 ci\u00f2 che offriamo e di cui siamo convinti,<\/p>\n<p>poi arrivano gli oggetti, i prodotti, le soluzioni che non sono altro che una conseguenza, una bella conseguenza.[\/vc_column_text][\/vc_column_inner][\/vc_row_inner][\/vc_column][\/vc_row][vc_row row_height_percent=&#8221;0&#8243; override_padding=&#8221;yes&#8221; h_padding=&#8221;5&#8243; top_padding=&#8221;2&#8243; bottom_padding=&#8221;2&#8243; back_color=&#8221;color-124518&#8243; overlay_alpha=&#8221;50&#8243; equal_height=&#8221;yes&#8221; gutter_size=&#8221;5&#8243; column_width_percent=&#8221;100&#8243; border_color=&#8221;color-xsdn&#8221; border_style=&#8221;dotted&#8221; shift_y=&#8221;0&#8243; z_index=&#8221;0&#8243; uncode_shortcode_id=&#8221;205403&#8243; back_color_type=&#8221;uncode-palette&#8221; css=&#8221;.vc_custom_1713137605817{border-bottom-width: 1px !important;}&#8221; border_color_type=&#8221;uncode-palette&#8221;][vc_column column_width_percent=&#8221;100&#8243; position_vertical=&#8221;middle&#8221; gutter_size=&#8221;3&#8243; overlay_alpha=&#8221;50&#8243; shift_x=&#8221;0&#8243; shift_y=&#8221;0&#8243; shift_y_down=&#8221;0&#8243; z_index=&#8221;0&#8243; align_medium=&#8221;align_center_tablet&#8221; medium_width=&#8221;0&#8243; align_mobile=&#8221;align_center_mobile&#8221; mobile_width=&#8221;0&#8243; css_animation=&#8221;right-t-left&#8221; animation_speed=&#8221;1000&#8243; width=&#8221;1\/1&#8243; uncode_shortcode_id=&#8221;109851&#8243;][vc_row_inner][vc_column_inner column_width_percent=&#8221;100&#8243; position_vertical=&#8221;middle&#8221; align_horizontal=&#8221;align_center&#8221; gutter_size=&#8221;3&#8243; overlay_alpha=&#8221;50&#8243; shift_x=&#8221;0&#8243; shift_y=&#8221;0&#8243; shift_y_down=&#8221;0&#8243; z_index=&#8221;0&#8243; medium_width=&#8221;0&#8243; mobile_width=&#8221;0&#8243; width=&#8221;1\/1&#8243; uncode_shortcode_id=&#8221;133418&#8243;][vc_button button_color=&#8221;accent&#8221; radius=&#8221;btn-round&#8221; border_animation=&#8221;btn-ripple-out&#8221; wide=&#8221;yes&#8221; hover_fx=&#8221;full-colored&#8221; outline=&#8221;yes&#8221; shadow=&#8221;yes&#8221; custom_typo=&#8221;yes&#8221; font_family=&#8221;font-324590&#8243; font_weight=&#8221;800&#8243; text_transform=&#8221;uppercase&#8221; border_width=&#8221;0&#8243; scale_mobile=&#8221;no&#8221; css_animation=&#8221;right-t-left&#8221; animation_speed=&#8221;400&#8243; animation_delay=&#8221;600&#8243; link=&#8221;url:https%3A%2F%2Fitac-technology.it%2Fcptrade%2Fwp-content%2Fuploads%2F2024%2F05%2FCPT-TABELLA-FORNITORI-18.pdf|target:_blank&#8221; uncode_shortcode_id=&#8221;966751&#8243; icon=&#8221;fa fa-file-pdf-o&#8221; button_color_type=&#8221;uncode-palette&#8221;]ORGANIZZAZIONE AZIENDALE[\/vc_button][\/vc_column_inner][\/vc_row_inner][\/vc_column][\/vc_row]<\/p>\n<\/div>","protected":false},"excerpt":{"rendered":"<p>[vc_row row_height_percent=&#8221;30&#8243; back_color=&#8221;color-wayh&#8221; overlay_color=&#8221;color-157793&#8243; overlay_alpha=&#8221;35&#8243; gutter_size=&#8221;3&#8243; column_width_percent=&#8221;100&#8243; shift_y=&#8221;0&#8243; z_index=&#8221;0&#8243; top_divider=&#8221;gradient&#8221; uncode_shortcode_id=&#8221;195581&#8243; back_color_type=&#8221;uncode-palette&#8221; overlay_color_type=&#8221;uncode-palette&#8221;][vc_column column_width_use_pixel=&#8221;yes&#8221; position_vertical=&#8221;middle&#8221; align_horizontal=&#8221;align_center&#8221; gutter_size=&#8221;2&#8243; style=&#8221;dark&#8221; overlay_alpha=&#8221;50&#8243; shift_x=&#8221;0&#8243; [&hellip;]<\/p>\n","protected":false},"author":1,"featured_media":0,"parent":0,"menu_order":0,"comment_status":"closed","ping_status":"closed","template":"","meta":{"footnotes":""},"class_list":["post-131435","page","type-page","status-publish","hentry"],"_links":{"self":[{"href":"https:\/\/itac-technology.it\/cptrade\/wp-json\/wp\/v2\/pages\/131435","targetHints":{"allow":["GET"]}}],"collection":[{"href":"https:\/\/itac-technology.it\/cptrade\/wp-json\/wp\/v2\/pages"}],"about":[{"href":"https:\/\/itac-technology.it\/cptrade\/wp-json\/wp\/v2\/types\/page"}],"author":[{"embeddable":true,"href":"https:\/\/itac-technology.it\/cptrade\/wp-json\/wp\/v2\/users\/1"}],"replies":[{"embeddable":true,"href":"https:\/\/itac-technology.it\/cptrade\/wp-json\/wp\/v2\/comments?post=131435"}],"version-history":[{"count":13,"href":"https:\/\/itac-technology.it\/cptrade\/wp-json\/wp\/v2\/pages\/131435\/revisions"}],"predecessor-version":[{"id":131449,"href":"https:\/\/itac-technology.it\/cptrade\/wp-json\/wp\/v2\/pages\/131435\/revisions\/131449"}],"wp:attachment":[{"href":"https:\/\/itac-technology.it\/cptrade\/wp-json\/wp\/v2\/media?parent=131435"}],"curies":[{"name":"wp","href":"https:\/\/api.w.org\/{rel}","templated":true}]}}